{"id":281,"date":"2017-03-31T09:32:15","date_gmt":"2017-03-31T09:32:15","guid":{"rendered":"http:\/\/training.chamber.md\/?page_id=281"},"modified":"2019-01-20T15:20:06","modified_gmt":"2019-01-20T12:20:06","slug":"noile-prevederi-ale-legii-privind-achizitiile-publice","status":"publish","type":"page","link":"https:\/\/training.chamber.md\/ru\/%d0%bf%d0%be%d0%b4%d1%80%d0%b0%d0%b7%d0%b4%d0%b5%d0%bb%d0%b5%d0%bd%d0%b8%d1%8f\/noile-prevederi-ale-legii-privind-achizitiile-publice\/","title":{"rendered":"Noile prevederi ale Legii privind Achizi\u021biile Publice"},"content":{"rendered":"<p style=\"text-align: justify\"><span style=\"color: #000000\">Legea nou\u0103 privind achizi\u0163iile publice \u2013 nr. 131, a fost adoptat\u0103 la data de 3 iulie 2015 \u015fi a intrat \u00een vigoare din 1 mai 2016. Aceasta a fost adoptat\u0103 \u00een scopul transpunerii Directivelor Europene \u00een domeniul achizi\u021biilor publice, substituind Legea nr. 96 din\u00a0 13.04.2007 cu privire la achizi\u021biile publice.<\/span><\/p>\n<p style=\"text-align: justify\"><span style=\"color: #000000\"><strong>Scopul:<\/strong>\u00a0 Informarea \u015fi consolidarea capacit\u0103\u0163ilor agen\u0163ilor economici.<\/span><\/p>\n<p style=\"text-align: justify\"><span style=\"color: #000000\"><strong>Obiective:<\/strong><\/span><\/p>\n<ul style=\"text-align: justify\">\n<li><span style=\"color: #000000\"><em>Aprofundarea, actualizarea cuno<\/em><em>\u015f<\/em><em>tin<\/em><em>\u0163<\/em><em>elor <\/em>ce vizeaz\u0103 aplicarea prevederilor cadrului normativ ce reglementeaz\u0103 procedurile de achizi\u021bii publice;<\/span><\/li>\n<\/ul>\n<ul style=\"text-align: justify\">\n<li><span style=\"color: #000000\">Bazele teoretice \u015fi practice, \u00een scopul de a u\u015fura participarea la procesul de achizi\u0163ie public\u0103.<\/span><\/li>\n<\/ul>\n<p style=\"text-align: justify\"><span style=\"color: #000000\"><strong>Sesiunea I. <\/strong>Achizi\u021bii publice. Aspecte comparative \u00eentre Legea nr. 96 din 13.04.2007 \u0219i Legea nr. 131 din 03.07.2015. Legisla\u021bia secundar\u0103.<\/span><strong><br \/>\n<\/strong><\/p>\n<p style=\"text-align: justify\"><span style=\"color: #000000\"><strong>Sesiunea II.<\/strong> Transparen\u021ba achizi\u021biilor publice. Procedurile de achizi\u021bie public\u0103. Tipuri de proceduri.<strong><br \/>\n<\/strong><\/span><\/p>\n<p style=\"text-align: justify\"><span style=\"color: #000000\"><strong>Sesiunea III. <\/strong>Documenta\u021bia de atribuire a contractelor de achizi\u021bie public\u0103. Criteriile de calificare \u0219i temeiurile de excludere din cadrul procedurii de achizi\u021bie, cerin\u021be de calitate \u0219i de mediu, criterii de atribuire a contractului de achizi\u021bii publice.<strong><br \/>\n<\/strong><\/span><\/p>\n<p style=\"text-align: justify\"><span style=\"color: #000000\"><strong>Sesiunea IV. <\/strong>Depunerea ofertelor\/candidaturilor, evaluarea ofertelor\/candidaturilor \u0219i decizia de atribuire a contractului de achizi\u021bie; termene, erori comune \u00een oferte. Contractul de achizi\u021bie public\u0103. Gestionarea contesta\u021biilor formulate \u00een procesul de achizi\u021bie public\u0103.<\/span><\/p>\n<p style=\"text-align: justify\"><span style=\"color: #000000\"><strong>FORMATOR: <em>Eugenia Eni, <\/em><\/strong><em>\u0219<\/em><em>ef Direc<\/em><em>\u021b<\/em><em>ie metode de achizi<\/em><em>\u021b<\/em><em>ie din cadrul Agen<\/em><em>\u021b<\/em><em>iei Achizi<\/em><em>\u021b<\/em><em>ii Publice<\/em><\/span><\/p>\n<p style=\"text-align: justify\"><span style=\"color: #000000\"><strong>Limba de lucru:<\/strong>\u00a0rom\u00e2n\u0103<\/span><\/p>\n<p style=\"text-align: justify\"><span style=\"color: #000000\"><strong>Durata cursului:<\/strong>\u00a08 ore academice (1 zi)<\/span><\/p>\n<p style=\"text-align: justify\"><span style=\"color: #000000\"><strong>Locul desf<\/strong><strong>\u0103\u0219<\/strong><strong>ur<\/strong><strong>\u0103<\/strong><strong>rii:<\/strong>\u00a0Camera de Comer\u021b \u0219i Industrie a RM, str. \u0218t. cel Mare, 151.<\/span><\/p>\n<p style=\"text-align: justify\"><span style=\"color: #000000\"><strong>Taxa de participare:<\/strong> 800 lei<\/span><\/p>\n<p style=\"text-align: justify\"><span style=\"color: #000000\"><strong>La finele training-ului participan<\/strong><strong>\u0163<\/strong><strong>ii vor primi Adeverin<\/strong><strong>\u0163<\/strong><strong>a CCI a RM<\/strong><strong>.<\/strong><\/span><\/p>\n<p><span style=\"color: #000000\"><strong>Informa<\/strong><strong>\u021b<\/strong><strong>ii suplimentare <\/strong><strong>\u0219<\/strong><\/span><strong><span style=\"color: #000000\">i \u00eenscrieri: Sabina Birsan, tel.\/fax: (022) 23-52-94,<\/span> <span style=\"color: #000000\">e-mail:<\/span><\/strong>\u00a0 <a href=\"mailto:sabina.birsan@chamber.md\" target=\"_blank\">sabina.birsan<strong>@chamber.md<\/strong><strong>\u00a0<\/strong><\/a><\/p>\n","protected":false},"excerpt":{"rendered":"<p>Legea nou\u0103 privind achizi\u0163iile publice \u2013 nr. 131, a fost adoptat\u0103 la data de 3 iulie 2015 \u015fi a intrat \u00een vigoare din 1 mai 2016. Aceasta a fost adoptat\u0103 \u00een scopul transpunerii Directivelor Europene \u00een domeniul achizi\u021biilor publice, substituind Legea nr. 96 din\u00a0 13.04.2007 cu privire la achizi\u021biile publice. Scopul:\u00a0 Informarea \u015fi consolidarea capacit\u0103\u0163ilor&hellip;<\/p>\n","protected":false},"author":9,"featured_media":282,"parent":101,"menu_order":0,"comment_status":"closed","ping_status":"closed","template":"","meta":{"footnotes":""},"class_list":["post-281","page","type-page","status-publish","has-post-thumbnail","hentry","entry"],"_links":{"self":[{"href":"https:\/\/training.chamber.md\/ru\/wp-json\/wp\/v2\/pages\/281","targetHints":{"allow":["GET"]}}],"collection":[{"href":"https:\/\/training.chamber.md\/ru\/wp-json\/wp\/v2\/pages"}],"about":[{"href":"https:\/\/training.chamber.md\/ru\/wp-json\/wp\/v2\/types\/page"}],"author":[{"embeddable":true,"href":"https:\/\/training.chamber.md\/ru\/wp-json\/wp\/v2\/users\/9"}],"replies":[{"embeddable":true,"href":"https:\/\/training.chamber.md\/ru\/wp-json\/wp\/v2\/comments?post=281"}],"version-history":[{"count":1,"href":"https:\/\/training.chamber.md\/ru\/wp-json\/wp\/v2\/pages\/281\/revisions"}],"predecessor-version":[{"id":1550,"href":"https:\/\/training.chamber.md\/ru\/wp-json\/wp\/v2\/pages\/281\/revisions\/1550"}],"up":[{"embeddable":true,"href":"https:\/\/training.chamber.md\/ru\/wp-json\/wp\/v2\/pages\/101"}],"wp:featuredmedia":[{"embeddable":true,"href":"https:\/\/training.chamber.md\/ru\/wp-json\/wp\/v2\/media\/282"}],"wp:attachment":[{"href":"https:\/\/training.chamber.md\/ru\/wp-json\/wp\/v2\/media?parent=281"}],"curies":[{"name":"wp","href":"https:\/\/api.w.org\/{rel}","templated":true}]}}